{"id":3207,"date":"2019-12-02T11:36:32","date_gmt":"2019-12-02T09:36:32","guid":{"rendered":"https:\/\/thorax.gr\/?page_id=3207"},"modified":"2023-04-20T19:38:36","modified_gmt":"2023-04-20T16:38:36","slug":"cookie-policy","status":"publish","type":"page","link":"https:\/\/thorax.gr\/tr\/cookie-policy\/","title":{"rendered":"\u00c7EREZ POL\u0130T\u0130KASI"},"content":{"rendered":"<p>\u03a4\u03b1 <strong>kurabiye<\/strong> Gezinmemiz s\u0131ras\u0131nda bir web sitesi taraf\u0131ndan bir taray\u0131c\u0131da (internet taray\u0131c\u0131s\u0131) saklanan ve daha sonra bunlar\u0131 geri alarak bir sonraki ziyaretinizde tan\u0131yabilmesi i\u00e7in k\u00fc\u00e7\u00fck metin dosyalar\u0131d\u0131r.<br \/>\nAncak \u00e7erezler hi\u00e7bir zaman herhangi birinin web sitesi ziyaret\u00e7isiyle ileti\u015fim kurmas\u0131na izin verebilecek ki\u015fisel bilgiler i\u00e7ermez. e-posta vb.<br \/>\n\u201cGizlilik Bildiriminde <strong>toraks.gr<\/strong>\u201d, web sitesinde mevcuttur\u00a0 <strong><a href=\"https:\/\/thorax.gr\/tr\/privacy-policy\/\">Gizlilik Politikas\u0131<\/a><\/strong>\u00a0hakk\u0131n\u0131zda toplad\u0131\u011f\u0131m\u0131z ki\u015fisel veriler hakk\u0131nda bilgi edinebilirsiniz.<\/p>\n<p><strong>1. \u00c7erez t\u00fcrleri<\/strong><br \/>\n\u015eirket, web sitesini ziyaret edenlere daha iyi hizmet verilmesini, bilgilerin ki\u015fiselle\u015ftirilmesini ve her taray\u0131c\u0131n\u0131n tercihlerini tan\u0131tmak amac\u0131yla a\u015fa\u011f\u0131daki t\u00fcrde \u00e7erezler kullanabilir.<\/p>\n<p><strong>1.1 Gerekli \u00e7erezler<\/strong><br \/>\nBir web sitesinin \u00e7al\u0131\u015fmas\u0131 i\u00e7in gerekli olan \u00e7erezlerdir. \u00c7erezler olmadan web sitesi d\u00fczg\u00fcn \u00e7al\u0131\u015famaz. Bu \u00f6zel \u00e7erez kategorisi i\u00e7in \u00f6zel onay\u0131n\u0131z\u0131 istemiyoruz. Di\u011fer t\u00fcm \u00e7erezler sizin izninizi gerektirir.<\/p>\n<p><strong>1.2 \u0130\u015flevsellik \u00e7erezleri<\/strong><br \/>\nWeb sitesinin i\u015flevselli\u011fini art\u0131ran \u00e7erezlerdir. Bu \u00e7erezlerin kullan\u0131m\u0131 sayesinde gezinme ilgi alanlar\u0131n\u0131za g\u00f6re uyarlan\u0131r ve b\u00f6ylece bilgileri yeniden girerken harcayaca\u011f\u0131n\u0131z zamandan tasarruf edebiliriz.<\/p>\n<p><strong>1.3 \u00dc\u00e7\u00fcnc\u00fc taraf \u00e7erezleri<\/strong><br \/>\n<strong>1.3.1 Google Analytics<\/strong>: \u015eirketin web sitesi, \u015eirketimizin bilgi toplad\u0131\u011f\u0131 Google Analytics &quot;Yeniden Pazarlama ve Reklamc\u0131l\u0131k \u00d6zelliklerini&quot; kullan\u0131r. Bu bilgiler \u015eirketimizin web sitesini ziyaret\u00e7ilerinin tercihlerine g\u00f6re geli\u015ftirmesine yard\u0131mc\u0131 olur. Toplanan bilgiler ABD&#039;de Google&#039;a ait bir sunucuya g\u00f6nderilir ve orada saklan\u0131r. Google&#039;\u0131n Gizlilik Politikas\u0131 hakk\u0131nda daha fazla bilgi i\u00e7in l\u00fctfen a\u015fa\u011f\u0131daki web sitesini ziyaret edin\u00a0<strong><a href=\"https:\/\/policies.google.com\/privacy?hl=en\" target=\"_blank\" rel=\"noopener noreferrer\">Google Gizlili\u011fi<\/a><\/strong>\u00a0ve \u00f6zellikle ba\u011flant\u0131\u00a0<strong><a href=\"https:\/\/support.google.com\/analytics\/answer\/6004245\" target=\"_blank\" rel=\"noopener noreferrer\">Google analiti\u011fi<\/a><\/strong>.<br \/>\nVerilerinizin Google Analytics taraf\u0131ndan toplanmas\u0131n\u0131 istemiyorsan\u0131z a\u015fa\u011f\u0131daki ba\u011flant\u0131dan Google Analytics Opt out program\u0131n\u0131 taray\u0131c\u0131n\u0131za indirip kurabilirsiniz: <a href=\"https:\/\/tools.google.com\/dlpage\/gaoptout\" target=\"_blank\" rel=\"noopener\">Google Ara\u00e7lar\u0131<\/a><br \/>\n<strong>1.3.2 Facebook&#039;ta<\/strong>: \u015eirket web sitesinde sayfalar\u0131 sosyal medyada tan\u0131tmak veya payla\u015fmak i\u00e7in butonlar bulunmaktad\u0131r. Bu d\u00fc\u011fmeler Facebook taraf\u0131ndan kullan\u0131ma sunulan bir kod arac\u0131l\u0131\u011f\u0131yla \u00e7al\u0131\u015f\u0131r. Bu kod, di\u011fer \u015feylerin yan\u0131 s\u0131ra bir \u00e7erez yerle\u015ftirir. Bu kodla toplad\u0131\u011f\u0131 verilerle ne yapt\u0131\u011f\u0131n\u0131 g\u00f6rmek i\u00e7in l\u00fctfen Facebook&#039;un gizlilik politikas\u0131n\u0131 (periyodik olarak de\u011fi\u015febilir) okuyun. \u015eirketin bu konuda hi\u00e7bir etkisi yoktur.<br \/>\n<strong>1.3.3 YouTube&#039;da<\/strong>: \u015eirketin web sitesi YouTube&#039;dan video dosyalar\u0131 kullan\u0131r. Bu dosyalar \u00e7erezler i\u00e7erir. Kulland\u0131\u011f\u0131 \u00e7erezler ve bu \u00e7erezlerle toplad\u0131\u011f\u0131 verilerle ne yapt\u0131\u011f\u0131 hakk\u0131nda daha fazla bilgi edinmek istiyorsan\u0131z l\u00fctfen YouTube&#039;un gizlilik politikas\u0131n\u0131 (periyodik olarak de\u011fi\u015febilir) okuyun. \u015eirketin bu konuda hi\u00e7bir etkisi yoktur.<\/p>\n<p><strong>2 \u00c7erez kontrol\u00fc<\/strong><br \/>\n\u00c7erezleri iste\u011finize g\u00f6re kontrol edebilir ve\/veya silebilirsiniz. Ayr\u0131ca, halihaz\u0131rda bilgisayar\u0131n\u0131zda (veya internette gezinmek i\u00e7in kullan\u0131lan herhangi bir cihazda) bulunan t\u00fcm \u00e7erezleri silebilir ve \u00e7o\u011fu web taray\u0131c\u0131s\u0131n\u0131 kurulum \u00e7erezlerini \u00f6nleyecek \u015fekilde ayarlayabilirsiniz.<br \/>\nAncak bu durumda, bir web sitesini (web Sitesini) her ziyaret etti\u011finizde belirli tercihleri kendiniz ayarlaman\u0131z gerekebilir. Ayr\u0131ca \u00e7erezlerin silinmesi baz\u0131 hizmetlerin \u00e7al\u0131\u015fmamas\u0131na neden olabilir.<\/p>\n<p><strong>3 \u00c7erezlerin kurulumunu kabul etmek<\/strong><br \/>\nZiyaret\u00e7inin web sitesinde gezinmesi<strong> toraks.gr<\/strong>\u00a0ilk giri\u015finde sayfan\u0131n alt k\u0131sm\u0131nda ilgili referansla \u00e7erez kullan\u0131m\u0131n\u0131n d\u00fczg\u00fcn \u00e7al\u0131\u015fmas\u0131 i\u00e7in gerekli oldu\u011funu kabul etti\u011fini ve anlad\u0131\u011f\u0131n\u0131 bildirir.<br \/>\nAksi takdirde, web sitesinde gezinmeyi durdurmal\u0131 veya taray\u0131c\u0131 ayarlar\u0131nda \u00e7erezlerin kullan\u0131m\u0131n\u0131 devre d\u0131\u015f\u0131 b\u0131rakmal\u0131d\u0131r. \u00c7erezlerin kurulmamas\u0131 halinde, hem web sitesinin i\u015flevselli\u011fi hem de siteden bilgi veya hizmet alma yetene\u011fi \u00fczerinde \u00f6nemli bir etki meydana gelebilir. <strong><a href=\"https:\/\/thorax.gr\/tr\/\">toraks.gr<\/a><\/strong><\/p>\n<p><strong>4 Belirli \u00e7erezlerin devre d\u0131\u015f\u0131 b\u0131rak\u0131lmas\u0131\/etkinle\u015ftirilmesi<\/strong><br \/>\n\u015eirket, web sitemizde tercih etti\u011finiz \u00e7erezlerin kurulumunu y\u00f6netebilmenizi sa\u011flamak i\u00e7in \u00e7al\u0131\u015fmaktad\u0131r ancak bu \u00f6zellik \u015fu anda geli\u015ftirilme a\u015famas\u0131ndad\u0131r. A\u015fa\u011f\u0131da, ge\u00e7ici bir ad\u0131m olarak, web sitelerimiz taraf\u0131ndan bilgisayar\u0131n\u0131za yerle\u015ftirilen t\u00fcm \u00e7erezler ve bunlar\u0131n yararlar\u0131 hakk\u0131nda ayr\u0131nt\u0131l\u0131 bilgilerin yan\u0131 s\u0131ra, bu se\u00e7ene\u011fin mevcut oldu\u011fu durumlarda bunlar\u0131n nas\u0131l devre d\u0131\u015f\u0131 b\u0131rak\u0131labilece\u011fine ili\u015fkin ayr\u0131nt\u0131l\u0131 bilgiler sunuyoruz.<br \/>\nA\u015fa\u011f\u0131daki tablo kulland\u0131\u011f\u0131m\u0131z \u00e7erezleri ve bunu neden yapt\u0131\u011f\u0131m\u0131z\u0131 g\u00f6stermektedir. Bu bilgiler d\u00fczenli olarak g\u00fcncellenmektedir, ancak herhangi bir tutars\u0131zl\u0131k tespit ederseniz l\u00fctfen bizimle ileti\u015fime ge\u00e7in.<\/p>","protected":false},"excerpt":{"rendered":"<p>\u00c7erezler, bir web sitesi taraf\u0131ndan bir internet taray\u0131c\u0131s\u0131nda gezinmemiz s\u0131ras\u0131nda depolanan ve daha sonra bir sonraki ziyaretimizde onu tan\u0131mak i\u00e7in geri al\u0131nan k\u00fc\u00e7\u00fck metin dosyalar\u0131d\u0131r. Ancak \u00e7erezler, herhangi birinin [\u2026]<\/p>","protected":false},"author":12,"featured_media":7753,"parent":0,"menu_order":0,"comment_status":"closed","ping_status":"closed","template":"","meta":{"footnotes":""},"class_list":["post-3207","page","type-page","status-publish","has-post-thumbnail","hentry"],"_links":{"self":[{"href":"https:\/\/thorax.gr\/tr\/wp-json\/wp\/v2\/pages\/3207","targetHints":{"allow":["GET"]}}],"collection":[{"href":"https:\/\/thorax.gr\/tr\/wp-json\/wp\/v2\/pages"}],"about":[{"href":"https:\/\/thorax.gr\/tr\/wp-json\/wp\/v2\/types\/page"}],"author":[{"embeddable":true,"href":"https:\/\/thorax.gr\/tr\/wp-json\/wp\/v2\/users\/12"}],"replies":[{"embeddable":true,"href":"https:\/\/thorax.gr\/tr\/wp-json\/wp\/v2\/comments?post=3207"}],"version-history":[{"count":6,"href":"https:\/\/thorax.gr\/tr\/wp-json\/wp\/v2\/pages\/3207\/revisions"}],"predecessor-version":[{"id":7750,"href":"https:\/\/thorax.gr\/tr\/wp-json\/wp\/v2\/pages\/3207\/revisions\/7750"}],"wp:featuredmedia":[{"embeddable":true,"href":"https:\/\/thorax.gr\/tr\/wp-json\/wp\/v2\/media\/7753"}],"wp:attachment":[{"href":"https:\/\/thorax.gr\/tr\/wp-json\/wp\/v2\/media?parent=3207"}],"curies":[{"name":"wp","href":"https:\/\/api.w.org\/{rel}","templated":true}]}}