{"id":3209,"date":"2019-12-02T11:47:48","date_gmt":"2019-12-02T09:47:48","guid":{"rendered":"https:\/\/thorax.gr\/?page_id=3209"},"modified":"2023-04-20T19:40:15","modified_gmt":"2023-04-20T16:40:15","slug":"terms-of-service","status":"publish","type":"page","link":"https:\/\/thorax.gr\/tr\/terms-of-service\/","title":{"rendered":"\u015eartlar ve ko\u015fullar"},"content":{"rendered":"<p>VEYA <strong>toraks.gr&nbsp;<\/strong>kendi web sitesi arac\u0131l\u0131\u011f\u0131yla <strong>toraks.gr&nbsp;<\/strong> &nbsp;Kullan\u0131c\u0131y\u0131\/ziyaret\u00e7iyi \u015firketin amac\u0131, sundu\u011fu hizmet ve \u00fcr\u00fcnler hakk\u0131nda bilgilendirir.<\/p>\n<p>Bunun amac\u0131 kullan\u0131c\u0131ya\/ziyaret\u00e7iye web sitesinin kullan\u0131m\u0131na ili\u015fkin \u015fartlar ve ko\u015fullar hakk\u0131nda gerekli bilgileri sa\u011flamakt\u0131r.&nbsp; <strong><a href=\"https:\/\/thorax.gr\/tr\/\">toraks.gr&nbsp;<\/a><\/strong> &nbsp;(bundan sonra &quot;web sitesi&quot; olarak an\u0131lacakt\u0131r), her kullan\u0131c\u0131n\u0131n\/ziyaret\u00e7inin dikkatlice incelemesi ve anla\u015fmazl\u0131k durumunda bunlar\u0131 kullanmaktan ka\u00e7\u0131nmas\u0131 gerekir.<br \/>\nWeb sitesinin kullan\u0131m\u0131, t\u00fcm i\u00e7eri\u011fi i\u00e7in ge\u00e7erli olan belirtilen \u015fartlar\u0131n a\u00e7\u0131k, kay\u0131ts\u0131z \u015farts\u0131z ve tam olarak kabul edilmesini gerektirir.<\/p>\n<p><strong>1. Fikri ve s\u0131nai m\u00fclkiyet haklar\u0131<\/strong><br \/>\nWeb sitesinin t\u00fcm i\u00e7eri\u011fi <strong>toraks.gr&nbsp;<\/strong> ve \u00f6zellikle resmi web sitesinde yer alan bilgi ve veriler <strong>toraks.gr&nbsp;<\/strong>ticari markalar, resimler, foto\u011fraflar, metinler, planlar, sa\u011flanan hizmetler, \u00fcr\u00fcnler ve genel olarak sunulan \u00fcr\u00fcnlerle ilgili her t\u00fcrl\u00fc dosya dahil ancak bunlarla s\u0131n\u0131rl\u0131 olmamak \u00fczere, fikri m\u00fclkiyetindedir. <strong>toraks.gr&nbsp;<\/strong> ve \u00fc\u00e7\u00fcnc\u00fc taraflar\u0131n korunan haklar\u0131 hari\u00e7 olmak \u00fczere, Topluluk ve fikri m\u00fclkiyete ili\u015fkin Yunan hukukunun (2121\/1993 say\u0131l\u0131 kanun) ilgili mevzuat h\u00fck\u00fcmleri taraf\u0131ndan korunmaktad\u0131r. Ayr\u0131ca \u00fcr\u00fcnlerine verilen isimler <strong>toraks.gr&nbsp;<\/strong>i\u00e7inde yer alan logolar ve ay\u0131rt edici \u00f6zellikler ya tescilli ticari markalard\u0131r ya da web sitesinin \u00f6zellikle ay\u0131rt edici \u00f6zellikleridir. Ticari markalar, s\u0131nai ve fikri m\u00fclkiyet ve haks\u0131z rekabete ili\u015fkin ilgili Yunan ve Topluluk mevzuat\u0131 taraf\u0131ndan korunmaktad\u0131rlar.<br \/>\nBu nedenle \u00f6nceden yaz\u0131l\u0131 izni olmadan yasakt\u0131r. <strong>toraks.gr&nbsp;<\/strong>, web sitesinin i\u00e7eri\u011finin tamamen veya k\u0131smen de\u011fi\u015ftirilmesi, yay\u0131nlanmas\u0131, iletilmesi, aktar\u0131lmas\u0131, \u00e7o\u011falt\u0131lmas\u0131, da\u011f\u0131t\u0131m\u0131, sunumu veya ba\u015fka bir \u015fekilde kullan\u0131lmas\u0131 <strong>toraks.gr&nbsp;<\/strong>hi\u00e7bir \u015fekilde ticari veya ba\u015fka ama\u00e7larla kullanamazs\u0131n\u0131z.<\/p>\n<p><strong>2. Kullan\u0131c\u0131n\u0131n\/ziyaret\u00e7inin y\u00fck\u00fcml\u00fcl\u00fckleri<\/strong><br \/>\nKullan\u0131c\u0131\/ziyaret\u00e7i, Yunan, Avrupa ve Uluslararas\u0131 Hukukun kural ve h\u00fck\u00fcmlerine uymamak ve bunlar\u0131 ihlal etmemekle y\u00fck\u00fcml\u00fcd\u00fcr. Web sitesini kullanmayaca\u011f\u0131n\u0131 sorumlu bir \u015fekilde beyan eder <strong>toraks.gr&nbsp;<\/strong>&nbsp;yasa d\u0131\u015f\u0131, tehdit edici veya nefret, \u0131rk veya di\u011fer ayr\u0131mc\u0131l\u0131klar\u0131 ifade eden, \u00fc\u00e7\u00fcnc\u00fc taraflar\u0131n herhangi bir patentini, ticari markas\u0131n\u0131, telif hakk\u0131n\u0131 veya di\u011fer m\u00fclkiyet haklar\u0131n\u0131 ihlal eden, yaz\u0131l\u0131m vir\u00fcsleri veya ba\u015fka kodlar i\u00e7eren i\u00e7eri\u011fi yay\u0131nlamak ve iletmek veya ba\u015fka \u015fekilde kullan\u0131ma sunmak, Herhangi bir bilgisayar yaz\u0131l\u0131m\u0131na veya donan\u0131m\u0131na zarar vermek, yok etmek veya \u00e7al\u0131\u015fmas\u0131na m\u00fcdahale etmek i\u00e7in tasarlanm\u0131\u015f dosyalar veya programlar.<br \/>\nWeb sitesine verilecek her t\u00fcrl\u00fc zarardan site kullan\u0131c\u0131s\u0131 sorumludur. <strong>toraks.gr&nbsp;<\/strong> ve genel olarak <strong>toraks.gr&nbsp;<\/strong>Web sitesinin ve onun arac\u0131l\u0131\u011f\u0131yla sunulan hizmetlerin k\u00f6t\u00fc veya haks\u0131z kullan\u0131m\u0131yla ilgili.<br \/>\ndurumunda <strong>toraks.gr&nbsp;<\/strong> Kullan\u0131c\u0131\/ziyaret\u00e7inin y\u00fck\u00fcml\u00fcl\u00fcklerini ihlal etmesinden kaynaklanan sebeplerle herhangi bir anla\u015fmazl\u0131\u011fa kar\u0131\u015f\u0131rsa veya \u00fc\u00e7\u00fcnc\u00fc ki\u015filere her t\u00fcrl\u00fc tazminat \u00f6demeye zorlan\u0131rsa, kullan\u0131c\u0131\/ziyaret\u00e7i bu durumu tazmin etmekle y\u00fck\u00fcml\u00fcd\u00fcr. <strong>toraks.gr&nbsp;<\/strong>.<\/p>\n<p><strong>3. thorax.gr Beyan\u0131 ve Sorumlulu\u011fun S\u0131n\u0131rland\u0131r\u0131lmas\u0131<\/strong><br \/>\nVEYA <strong>toraks.gr&nbsp;<\/strong> Kullan\u0131c\u0131lar\u0131n\/ziyaret\u00e7ilerin sunulan \u00fcr\u00fcn ve hizmetlerin m\u00fcmk\u00fcn oldu\u011funca eksiksiz bir resmini olu\u015fturabilmeleri i\u00e7in web sitesindeki bilgilerin ve t\u00fcm i\u00e7eri\u011fin do\u011fruluk, ge\u00e7erlilik, a\u00e7\u0131kl\u0131k ve do\u011fruluk kurallar\u0131na tabi olmas\u0131n\u0131 sa\u011flamak i\u00e7in her t\u00fcrl\u00fc \u00e7abay\u0131 g\u00f6stermektedir. <strong>toraks.gr&nbsp;<\/strong>.<br \/>\nSa\u011flanan bilgilerin kullan\u0131m\u0131ndan, de\u011ferlendirilmesinden, de\u011ferlendirilmesinden ve faydalan\u0131lmas\u0131ndan tamamen kullan\u0131c\u0131 sorumludur. Bu bilgilere dayanarak herhangi bir i\u015f veya di\u011fer kararlar\u0131n verilmesi tamamen kullan\u0131c\u0131n\u0131n ve kullan\u0131c\u0131n\u0131n sorumlulu\u011fundad\u0131r. <strong>toraks.gr&nbsp;<\/strong>&nbsp;web sitesi arac\u0131l\u0131\u011f\u0131yla sa\u011flanan bilgilerin kullan\u0131m\u0131ndan kaynaklanan hasarlar\u0131 veya farkl\u0131l\u0131klar\u0131 kar\u015f\u0131lamak veya onarmak zorunda de\u011fildir.<br \/>\nVEYA <strong>toraks.gr&nbsp;<\/strong> web sitesinin sorunsuz ve d\u00fczenli \u00e7al\u0131\u015fmas\u0131 i\u00e7in gerekli \u00f6nlemleri alacakt\u0131r, ancak i\u015fleyi\u015finin hatas\u0131z veya di\u011fer teknik sorunlardan ar\u0131nm\u0131\u015f olaca\u011f\u0131n\u0131 garanti etmemektedir. VEYA <strong>toraks.gr&nbsp;<\/strong>&nbsp;\u015eirketin internet sitesine girilmesi ve kullan\u0131lmas\u0131 nedeniyle do\u011fabilecek zararlardan dolay\u0131 hi\u00e7bir sorumluluk kabul etmez.<\/p>\n<p><strong>4. Kullan\u0131c\u0131lar\u0131n Ki\u015fisel Verilerinin Korunmas\u0131<\/strong><br \/>\nVEYA <strong>toraks.gr&nbsp;<\/strong>&nbsp;web sitesi kullan\u0131c\u0131lar\u0131n\u0131n ki\u015fisel verilerini koruman\u0131n ne kadar \u00f6nemli oldu\u011funun bilincindedir.<br \/>\nKi\u015fisel verilerinizin korunmas\u0131na ve haklar\u0131n\u0131za ili\u015fkin detayl\u0131 bilgiye Gizlilik Bildirimi\u2019nde ula\u015fabilirsiniz <strong><a href=\"https:\/\/thorax.gr\/tr\/privacy-policy\/\">Gizlilik Politikas\u0131<\/a><\/strong>.<\/p>\n<p><strong>5. \u00dc\u00e7\u00fcnc\u00fc Taraf Sitelere Y\u00f6nlendirme<\/strong><br \/>\n\u00d6zel ba\u011flant\u0131lar (linkler, hiperlinkler, bannerlar) arac\u0131l\u0131\u011f\u0131yla kullan\u0131c\u0131lar\/ziyaret\u00e7iler web sitesinde gezinebilir <strong>toraks.gr&nbsp;<\/strong>&nbsp; \u00fc\u00e7\u00fcnc\u00fc taraf web sitelerinde. Bu web sitelerinin i\u00e7eri\u011fi yaln\u0131zca sahiplerinin sorumlulu\u011funda olu\u015fturulur. VEYA <strong>toraks.gr&nbsp;<\/strong>&nbsp; Yukar\u0131daki web sitelerinde yer alan bilgilerin i\u00e7eri\u011finden, do\u011frulu\u011fundan, yasall\u0131\u011f\u0131ndan, eksiksizli\u011finden, g\u00fcncelli\u011finden ve do\u011frulu\u011fundan hi\u00e7bir \u015fekilde sorumlu de\u011fildir.<\/p>\n<p><strong>6. \u00c7erezlerin Kullan\u0131m\u0131<\/strong><br \/>\n\u00c7erezler, \u00e7erezi g\u00f6nderenin web sunucusu taraf\u0131ndan kullan\u0131c\u0131n\u0131n terminal ekipman\u0131nda saklanmak \u00fczere g\u00f6nderilen ve temel i\u015flevi kullan\u0131c\u0131n\u0131n taray\u0131c\u0131s\u0131n\u0131n (&quot;web taray\u0131c\u0131s\u0131&quot;) depolanan verilerini kaydedip g\u00f6ndermek olan k\u00fc\u00e7\u00fck metin dosyalar\u0131 olarak tan\u0131mlan\u0131r. ) g\u00f6nderene .<br \/>\n\u00c7erezlerin web sitelerimiz taraf\u0131ndan kullan\u0131m\u0131na ve se\u00e7eneklerinize ili\u015fkin ayr\u0131nt\u0131l\u0131 bilgi \u00c7erez Politikas\u0131nda mevcuttur. <strong><a href=\"https:\/\/thorax.gr\/tr\/cookie-policy\/\">\u00e7erez politikas\u0131<\/a><\/strong>.<\/p>\n<p><strong>7. Ge\u00e7erli hukuk \u2013 Yarg\u0131 Yetkisi<\/strong><br \/>\nBu kullan\u0131m ko\u015fullar\u0131 Yunan Kanunlar\u0131na tabidir. Bu \u015fartlar\u0131n uygulanmas\u0131 ba\u011flam\u0131nda ortaya \u00e7\u0131kan herhangi bir anla\u015fmazl\u0131\u011f\u0131n \u00e7\u00f6z\u00fcm\u00fcnde yetkili mahkemeler Atina mahkemeleridir.<\/p>\n<p><strong>8. Di\u011fer H\u00fck\u00fcmler<\/strong><br \/>\n8.1. Bununla ilgili herhangi bir ihmal veya gecikme <strong>toraks.gr&nbsp;<\/strong>&nbsp; Bu kullan\u0131m ko\u015fullar\u0131ndan kaynaklanan yasal veya s\u00f6zle\u015fmeden do\u011fan haklar\u0131n\u0131 kullanmak, bunlardan feragat edildi\u011fi anlam\u0131na gelmeyece\u011fi gibi, haklar\u0131n\u0131n zay\u0131flat\u0131ld\u0131\u011f\u0131 da d\u00fc\u015f\u00fcn\u00fclemez.<br \/>\n8.2. Yukar\u0131daki \u015fartlar\u0131n hepsinin esas oldu\u011fu kabul edilmi\u015ftir. Yaz\u0131l\u0131 olarak de\u011fi\u015ftirilebilirler.<br \/>\n8.3. Bir \u015fart\u0131n ge\u00e7ersizli\u011fi veya iptali, geri kalan \u015fartlar\u0131n ge\u00e7erlili\u011fini etkilemez.<\/p>\n<p><strong>9. \u015eartlar\u0131n De\u011fi\u015ftirilmesi<\/strong><br \/>\nBu kullan\u0131m \u015fartlar\u0131 a\u015fa\u011f\u0131dakiler taraf\u0131ndan yenilenebilir ve de\u011fi\u015ftirilebilir: <strong>toraks.gr&nbsp;<\/strong>&nbsp; gerekli g\u00f6r\u00fcld\u00fc\u011f\u00fcnde k\u0131smen veya tamamen.<br \/>\nKullan\u0131c\u0131\/ziyaret\u00e7i, iyi niyet ve i\u015f ahlak\u0131 \u00e7er\u00e7evesinde, buna uygun olarak olas\u0131 de\u011fi\u015fiklikleri her defas\u0131nda kontrol etmelidir.<\/p>\n<p><strong>10. B\u00fcltene ve \u0130leti\u015fim Formuna abone olun<\/strong><br \/>\n\u015eirket b\u00fclteni ve ileti\u015fim formu arac\u0131l\u0131\u011f\u0131yla g\u00f6nderilen ileti\u015fimin i\u00e7eri\u011fi kesinlikle gizlidir. Verilerin toplanmas\u0131 \u015funlar\u0131 sa\u011flar: <strong>toraks.gr&nbsp;<\/strong>&nbsp; m\u00fcnhas\u0131ran web sitesinin kullan\u0131c\u0131s\u0131\/ziyaret\u00e7isi ile ileti\u015fim kurma yetene\u011fi. \u015eirket b\u00fclteni ve ileti\u015fim formu arac\u0131l\u0131\u011f\u0131yla g\u00f6nderilen ki\u015fisel veriler, Gizlilik Politikas\u0131na uygun olarak toplan\u0131r ve korunur. <strong><a href=\"https:\/\/thorax.gr\/tr\/privacy-policy\/\">Gizlilik Politikas\u0131<\/a><\/strong>.<\/p>","protected":false},"excerpt":{"rendered":"<p>\u0397 &nbsp;\u03bc\u03ad\u03c3\u03c9 \u03c4\u03bf\u03c5 \u03b4\u03b9\u03b1\u03b4\u03b9\u03ba\u03c4\u03c5\u03b1\u03ba\u03bf\u03cd \u03c4\u03b7\u03c2 \u03c4\u03cc\u03c0\u03bf\u03c5 &nbsp; &nbsp;\u03b5\u03bd\u03b7\u03bc\u03b5\u03c1\u03ce\u03bd\u03b5\u03b9 \u03c4\u03bf \u03c7\u03c1\u03ae\u03c3\u03c4\u03b7\/\u03b5\u03c0\u03b9\u03c3\u03ba\u03ad\u03c0\u03c4\u03b7 \u03b3\u03b9\u03b1 \u03c4\u03bf \u03c3\u03ba\u03bf\u03c0\u03cc \u03c4\u03b7\u03c2 \u03b5\u03c4\u03b1\u03b9\u03c1\u03b5\u03af\u03b1\u03c2, \u03c4\u03b9\u03c2 \u03c5\u03c0\u03b7\u03c1\u03b5\u03c3\u03af\u03b5\u03c2 \u03ba\u03b1\u03b9 \u03c4\u03b1 \u03c0\u03c1\u03bf\u03ca\u03cc\u03bd\u03c4\u03b1 \u03c4\u03b1 \u03bf\u03c0\u03bf\u03af\u03b1 \u03c0\u03c1\u03bf\u03c3\u03c6\u03ad\u03c1\u03b5\u03b9. \u03a3\u03ba\u03bf\u03c0\u03cc\u03c2 \u03c4\u03b7\u03c2 \u03c0\u03b1\u03c1\u03bf\u03cd\u03c3\u03b1\u03c2 \u03b5\u03af\u03bd\u03b1\u03b9 \u03bd\u03b1 \u03c0\u03b1\u03c1\u03b1\u03c3\u03c7\u03b5\u03b8\u03b5\u03af \u03c3\u03c4\u03bf \u03c7\u03c1\u03ae\u03c3\u03c4\u03b7\/\u03b5\u03c0\u03b9\u03c3\u03ba\u03ad\u03c0\u03c4\u03b7 \u03b7 \u03b1\u03c0\u03b1\u03c1\u03b1\u03af\u03c4\u03b7\u03c4\u03b7 \u03b5\u03bd\u03b7\u03bc\u03ad\u03c1\u03c9\u03c3\u03b7 \u03c3\u03c7\u03b5\u03c4\u03b9\u03ba\u03ac \u03bc\u03b5 \u03c4\u03bf\u03c5\u03c2 \u03cc\u03c1\u03bf\u03c5\u03c2 \u03ba\u03b1\u03b9 \u03c4\u03b9\u03c2 \u03c0\u03c1\u03bf\u03cb\u03c0\u03bf\u03b8\u03ad\u03c3\u03b5\u03b9\u03c2 \u03c0\u03bf\u03c5 \u03b4\u03b9\u03ad\u03c0\u03bf\u03c5\u03bd \u03c4\u03b7 \u03c7\u03c1\u03ae\u03c3\u03b7 \u03c4\u03b7\u03c2 \u03b9\u03c3\u03c4\u03bf\u03c3\u03b5\u03bb\u03af\u03b4\u03b1\u03c2&nbsp; &nbsp; &nbsp;(\u03c3\u03c4\u03bf \u03b5\u03be\u03ae\u03c2 \u03b7 \u00ab\u03b9\u03c3\u03c4\u03bf\u03c3\u03b5\u03bb\u03af\u03b4\u03b1\u00bb), \u03c4\u03bf\u03c5\u03c2 \u03bf\u03c0\u03bf\u03af\u03bf\u03c5\u03c2 \u03ba\u03ac\u03b8\u03b5 [&hellip;]<\/p>","protected":false},"author":12,"featured_media":7754,"parent":0,"menu_order":0,"comment_status":"closed","ping_status":"closed","template":"","meta":{"footnotes":""},"class_list":["post-3209","page","type-page","status-publish","has-post-thumbnail","hentry"],"_links":{"self":[{"href":"https:\/\/thorax.gr\/tr\/wp-json\/wp\/v2\/pages\/3209","targetHints":{"allow":["GET"]}}],"collection":[{"href":"https:\/\/thorax.gr\/tr\/wp-json\/wp\/v2\/pages"}],"about":[{"href":"https:\/\/thorax.gr\/tr\/wp-json\/wp\/v2\/types\/page"}],"author":[{"embeddable":true,"href":"https:\/\/thorax.gr\/tr\/wp-json\/wp\/v2\/users\/12"}],"replies":[{"embeddable":true,"href":"https:\/\/thorax.gr\/tr\/wp-json\/wp\/v2\/comments?post=3209"}],"version-history":[{"count":6,"href":"https:\/\/thorax.gr\/tr\/wp-json\/wp\/v2\/pages\/3209\/revisions"}],"predecessor-version":[{"id":7757,"href":"https:\/\/thorax.gr\/tr\/wp-json\/wp\/v2\/pages\/3209\/revisions\/7757"}],"wp:featuredmedia":[{"embeddable":true,"href":"https:\/\/thorax.gr\/tr\/wp-json\/wp\/v2\/media\/7754"}],"wp:attachment":[{"href":"https:\/\/thorax.gr\/tr\/wp-json\/wp\/v2\/media?parent=3209"}],"curies":[{"name":"wp","href":"https:\/\/api.w.org\/{rel}","templated":true}]}}