{"id":3212,"date":"2019-12-02T11:53:18","date_gmt":"2019-12-02T09:53:18","guid":{"rendered":"https:\/\/thorax.gr\/?page_id=3212"},"modified":"2022-05-25T17:36:19","modified_gmt":"2022-05-25T14:36:19","slug":"privacy-policy","status":"publish","type":"page","link":"https:\/\/thorax.gr\/tr\/privacy-policy\/","title":{"rendered":"K\u0130\u015e\u0130SEL VER\u0130LER\u0130N KORUNMASI BEYANI"},"content":{"rendered":"<p>Bu Ki\u015fisel Verilerin Korunmas\u0131 Beyan\u0131, <strong>toraks.gr<\/strong>\u00a0hakk\u0131n\u0131zda, ki\u015fisel verilerinizi nas\u0131l kulland\u0131\u011f\u0131m\u0131z ve korudu\u011fumuz ve bu verileri nas\u0131l kulland\u0131\u011f\u0131m\u0131za ili\u015fkin tercihleriniz hakk\u0131nda bilgi toplar.<\/p>\n<p>Ki\u015fisel verilerin korunmas\u0131n\u0131n devam eden bir sorumluluk oldu\u011funun bilincindeyiz ve bu nedenle bu Bildirimi d\u00fczenli aral\u0131klarla g\u00fcncelleyip de\u011fi\u015ftirece\u011fiz. L\u00fctfen web sitemizi zaman zaman ziyaret edin <strong>toraks.gr<\/strong>\u00a0her t\u00fcrl\u00fc de\u011fi\u015fikli\u011fin fark\u0131nda olman\u0131z\u0131 ve bundan memnun olman\u0131z\u0131 sa\u011flamak.<\/p>\n<p><strong>1. Biz kimiz<\/strong><br \/>\nBiz oyuz <strong>toraks.gr,\u00a0<\/strong> <strong>KLIMATSIDAS MICHALIS MD, PhD<\/strong>, <strong>G\u00d6\u011e\u00dcS CERRAH\u0130S\u0130 SELAN\u0130K<\/strong>. G\u00fcvenli bir ortam sa\u011flamaya, hasta bak\u0131m\u0131n\u0131 geli\u015ftirmeye ve zaman ve b\u00fct\u00e7e k\u0131s\u0131tlamalar\u0131 dahilinde operasyonel kalite sunmaya kararl\u0131y\u0131z. Klini\u011fimizde bir\u00e7ok hastal\u0131\u011f\u0131n tedavisini yap\u0131yor ve s\u00fcrekli olarak modern teknolojik ekipmanlara yat\u0131r\u0131m yap\u0131yoruz.<\/p>\n<p><strong>2. Hakk\u0131n\u0131zda hangi ki\u015fisel verileri topluyoruz?<\/strong><br \/>\n<strong>2.1. Tam ad \/ \u015eirket ad\u0131<\/strong>. M\u00fc\u015fterilerimizin adlar\u0131n\u0131 ve soyadlar\u0131n\u0131 ve hizmetlerimize ilgi duyduklar\u0131nda veya b\u00fcltenimize kaydolduklar\u0131nda m\u00fc\u015fterilerimizin irtibat ki\u015filerinin adlar\u0131n\u0131 topluyoruz (<strong>haber b\u00fclteni<\/strong>) veya yar\u0131\u015fmalar\u0131m\u0131za ve promosyonlar\u0131m\u0131za kat\u0131l\u0131n.<br \/>\n<strong>2.2. E-posta adresi<\/strong>. Hizmetlerimize ilgi duyduklar\u0131nda veya b\u00fcltenimize kaydolduklar\u0131nda m\u00fc\u015fterilerimizin ve m\u00fc\u015fteri ileti\u015fim ki\u015filerimizin e-posta adreslerini topluyoruz (<strong>haber b\u00fclteni<\/strong>) veya yar\u0131\u015fmalar\u0131m\u0131za ve promosyonlar\u0131m\u0131za kat\u0131l\u0131n.<br \/>\n<strong>2.3. posta adresi<\/strong>. Faturaland\u0131rma amac\u0131yla ve bas\u0131l\u0131 faturalar\u0131n bas\u0131l\u0131 kopyalar\u0131n\u0131 posta yoluyla g\u00f6ndermek i\u00e7in m\u00fc\u015fterilerimizin ev veya i\u015f adreslerini topluyoruz.<br \/>\n<strong>2.4. Di\u011fer ileti\u015fim bilgileri<\/strong>. Hizmetlerimizi daha iyi ve daha h\u0131zl\u0131 sunabilmek i\u00e7in m\u00fc\u015fterilerimizin veya m\u00fc\u015fteri irtibat ki\u015filerinin telefon numaras\u0131 gibi di\u011fer ileti\u015fim bilgilerini topluyoruz.<br \/>\n<strong>2.5. Fiyatland\u0131rma ayr\u0131nt\u0131lar\u0131<\/strong>. M\u00fc\u015fterilerimizin, \u00f6rne\u011fin A.F.M. gibi hizmetlerimizin faturaland\u0131r\u0131lmas\u0131 i\u00e7in gerekli olan bilgilerini topluyoruz. ve A.M.K.A.<br \/>\n<strong>2.6.<\/strong> Hassas ki\u015fisel verilerinizi toplamayarak hak ve \u00f6zg\u00fcrl\u00fcklerinize y\u00f6nelik riski en aza indirmeye \u00e7al\u0131\u015f\u0131yoruz.<\/p>\n<p><strong>3. Ki\u015fisel verilerinizi nas\u0131l topluyoruz?<\/strong><br \/>\nKi\u015fisel verilerinizi, hizmetlerimize olan ilginizi ifade etti\u011finizde, hizmetlerimizin sa\u011flanmas\u0131 i\u00e7in bir s\u00f6zle\u015fme ili\u015fkisine girdi\u011fimizde, web sitemizi ziyaret etti\u011finizde veya www. <strong>haber b\u00fclteni<\/strong> biz. Ki\u015fisel verilerinizi hi\u00e7 kimseye satm\u0131yoruz ve yaln\u0131zca hizmetlerimizin size sunulmas\u0131n\u0131 kolayla\u015ft\u0131ran \u00fc\u00e7\u00fcnc\u00fc taraflarla payla\u015f\u0131yoruz.<\/p>\n<p><strong>4. Ki\u015fisel verilerinizi nas\u0131l kullan\u0131yoruz (i\u015fliyoruz)?<\/strong><br \/>\nKi\u015fisel verilerinizi a\u015fa\u011f\u0131daki ama\u00e7larla kullan\u0131yoruz:<br \/>\n<strong>4.1.<\/strong> <strong>Hizmetlerimizin sa\u011flanmas\u0131<\/strong>. Sa\u011fl\u0131k sekt\u00f6r\u00fcnde hizmet sunumu.<br \/>\n<strong>4.2.<\/strong> <strong>Pazarlama ve\/veya promosyon faaliyetleri<\/strong>yar\u0131\u015fmalara kat\u0131l\u0131m veya b\u00fcltenimize abone olanlara periyodik olarak g\u00f6nderdi\u011fimiz e-postalar gibi. B\u00fclten g\u00f6nderdi\u011fimiz ki\u015filer listesine, ileti\u015fimimiz s\u0131ras\u0131nda bize e-posta adreslerini veren ve e-posta almak istediklerini s\u00f6yleyen ki\u015fileri de ekleyebiliriz. <strong>b\u00fcltenler<\/strong>. Her haber b\u00fclteninde, al\u0131c\u0131ya ba\u015fkalar\u0131ndan e-b\u00fclten almak istemedi\u011fini beyan etme f\u0131rsat\u0131 verilir. <strong>b\u00fcltenler<\/strong> Bizden.<\/p>\n<p><strong>5. Ki\u015fisel verilerinizin i\u015flenmesinin yasal dayana\u011f\u0131<\/strong><br \/>\n<strong>5.1.<\/strong> Size hizmetlerimizin sa\u011flanmas\u0131 i\u00e7in ki\u015fisel verilerinizin i\u015flenmesi, bir s\u00f6zle\u015fmenin akdedilmesi ve ifas\u0131na veya - talebiniz \u00fczerine - bir s\u00f6zle\u015fmenin akdedilmesi ve ifas\u0131na y\u00f6nelik haz\u0131rl\u0131k eylemlerine dayanmaktad\u0131r.<br \/>\n<strong>5.2.<\/strong> Ki\u015fisel verilerinizin pazarlama ve\/veya tan\u0131t\u0131m amac\u0131yla i\u015flenmesi izninize ba\u011fl\u0131d\u0131r.<br \/>\n<strong>5.3.<\/strong> Baz\u0131 durumlarda ki\u015fisel verilerinizin i\u015flenmesi, me\u015fru menfaatlerimiz veya ulusal ve\/veya Avrupa mevzuat\u0131na uyum sa\u011flamam\u0131z amac\u0131yla gerekli olabilir.<\/p>\n<p><strong>6. Ki\u015fisel verilerinizin saklanma s\u00fcresi<\/strong><br \/>\n<strong>6.1.<\/strong> Ki\u015fisel verilerinizi i\u015f ili\u015fkimiz devam etti\u011fi s\u00fcrece sakl\u0131yoruz. M\u00fc\u015fterilerimizin ve t\u00fcketicilerimizin ki\u015fisel verilerini en az on be\u015f (<strong>15<\/strong>Vergi veya di\u011fer idari makamlara y\u00f6nelik do\u011fru kay\u0131t tutma y\u00fck\u00fcml\u00fcl\u00fc\u011f\u00fcm\u00fcz\u00fc yerine getirebilmek i\u00e7in ) y\u0131l.<br \/>\n<strong>6.2.<\/strong> Kay\u0131t olan ki\u015filerin ki\u015fisel verilerini sakl\u0131yoruz <strong>b\u00fcltenler<\/strong> (ve\/veya tan\u0131t\u0131m faaliyetlerimizde) bu ki\u015filer art\u0131k bizden haber b\u00fclteni ve\/veya tan\u0131t\u0131m malzemesi almak istemediklerini bize beyan edene kadar.<br \/>\n<strong>6.3.<\/strong> Ki\u015fisel verilerinizin nerede ve ne kadar s\u00fcreyle tutuldu\u011funa ili\u015fkin daha detayl\u0131 bilgi i\u00e7in l\u00fctfen ileti\u015fime ge\u00e7iniz. <strong>ileti\u015fim@thorax.gr.<\/strong><\/p>\n<p><strong>7. Verilerinizi korumak i\u00e7in ald\u0131\u011f\u0131m\u0131z garantiler<\/strong><br \/>\nBize ki\u015fisel verilerinizi verdi\u011finizde, bunlar\u0131n g\u00fcvende tutulmas\u0131n\u0131 sa\u011flamak i\u00e7in gerekli ad\u0131mlar\u0131 atar\u0131z. Ki\u015fisel verilerinizi korumak amac\u0131yla, korumaya y\u00f6nelik fiziksel, teknik ve organizasyonel \u00f6nlemler al\u0131yoruz. Kulland\u0131\u011f\u0131m\u0131z g\u00fcvenlik teknolojisini s\u00fcrekli olarak g\u00fcncelliyor ve inceliyoruz. Ki\u015fisel verilerinize eri\u015fimi yaln\u0131zca size fayda veya hizmet sa\u011flamak i\u00e7in bu verileri bilmesi gereken \u00e7al\u0131\u015fanlarla s\u0131n\u0131rland\u0131r\u0131yoruz. Ayr\u0131ca \u00e7al\u0131\u015fanlar\u0131m\u0131z\u0131 gizlili\u011fin \u00f6nemi ve ki\u015fisel verilerinizin mahremiyetinin ve g\u00fcvenli\u011finin korunmas\u0131 konusunda e\u011fitiyoruz. Ki\u015fisel verilerinizi her t\u00fcrl\u00fc kay\u0131p, de\u011fi\u015fiklik, yasa d\u0131\u015f\u0131 i\u015fleme veya de\u011fi\u015fikli\u011fe kar\u015f\u0131 korumak i\u00e7in di\u011fer hususlar\u0131n yan\u0131 s\u0131ra a\u015fa\u011f\u0131daki teknik ve organizasyonel \u00f6nlemleri ve prosed\u00fcrleri uygulad\u0131k:<br \/>\n\u2013 \u015fifreleme;<br \/>\n\u2013 g\u00fcvenlik ihlali tespiti ve y\u00f6netimi;<br \/>\n\u2013 s\u0131n\u0131rl\u0131 eri\u015fime sahip ve d\u00fczenli kontrollere tabi olan odalarda bulunan sunucular\u0131n kullan\u0131m\u0131;<br \/>\n\u2013 kullan\u0131c\u0131n\u0131n ki\u015fisel verilerinin ve\/veya kimlik do\u011frulama verilerinin kullan\u0131m\u0131n\u0131 en aza indirecek \u015fekilde kurulan bilgi sistemleri ve bilgisayar programlar\u0131n\u0131n kullan\u0131lmas\u0131;<br \/>\n\u2013 ki\u015fisel verilerin korunmas\u0131 ve g\u00fcvenli bir \u015fekilde silinmesi\/imha edilmesi i\u00e7in ayr\u0131 prosed\u00fcrlerin benimsenmesi;<br \/>\n\u2013 &quot;bilmesi gereken&quot; esas\u0131na g\u00f6re sistemlere ve veritabanlar\u0131na eri\u015fim.<\/p>\n<p><strong>8. Ki\u015fisel verilerinizi ba\u015fkalar\u0131yla ne zaman ve nas\u0131l payla\u015f\u0131yoruz?<\/strong><br \/>\nFaaliyetlerimiz kapsam\u0131nda ad\u0131m\u0131za hizmet sa\u011flayan \u00fc\u00e7\u00fcnc\u00fc taraf sa\u011flay\u0131c\u0131lar\u0131 kullan\u0131yoruz. Bu nedenle ki\u015fisel verilerinizi onlarla payla\u015fmam\u0131z gerekebilir. Ancak, ki\u015fisel verilerinizi onlarla yaln\u0131zca istedi\u011fimiz hizmetleri sa\u011flamak i\u00e7in gerekli olan durumlarda payla\u015f\u0131yoruz ve verilerinizi korumalar\u0131n\u0131 ve ba\u015fka ama\u00e7larla kullanmamalar\u0131n\u0131 talep ediyoruz. Sizden toplad\u0131\u011f\u0131m\u0131z ki\u015fisel veriler, Avrupa Birli\u011fi i\u00e7erisinde yer alan \u00fc\u00e7\u00fcnc\u00fc taraflar\u0131n bar\u0131nd\u0131rd\u0131\u011f\u0131 bir veya daha fazla veri taban\u0131nda saklanmaktad\u0131r. Bu \u00fc\u00e7\u00fcnc\u00fc \u015fah\u0131slar, ki\u015fisel verilerinizi \u015eirketimiz i\u00e7in depolamak ve geri almak d\u0131\u015f\u0131nda hi\u00e7bir ama\u00e7la kullanmaz veya bu verilere eri\u015fim sa\u011flamaz.<\/p>\n<p><strong>9. Haklar\u0131n\u0131z<\/strong><br \/>\n\u0130\u015fledi\u011fimiz ki\u015fisel verilerinize eri\u015fim talep etme hakk\u0131na sahipsiniz. Ayr\u0131ca a\u015fa\u011f\u0131daki haklara da sahipsiniz:<br \/>\n<strong>9.1.<\/strong> Ki\u015fisel verilerinizin d\u00fczeltilmesi veya silinmesi (belirli durumlarda) hakk\u0131.<br \/>\n<strong>9.2.<\/strong> Ki\u015fisel verilerinizin i\u015flenmesini k\u0131s\u0131tlama veya i\u015flenmesine itiraz etme hakk\u0131.<br \/>\n<strong>9.3<\/strong>. Ki\u015fisel verilerinizi ba\u015fka bir yerde kullanmak \u00fczere elde etme hakk\u0131 (ko\u015fullara ba\u011fl\u0131 olarak).<br \/>\n<strong>9.4.<\/strong> Ki\u015fisel verilerinizi r\u0131zan\u0131za dayal\u0131 olarak i\u015fledi\u011fimiz durumlarda, r\u0131zan\u0131z\u0131n geri \u00e7ekilmesinden \u00f6nceki d\u00f6neme ili\u015fkin i\u015fleme faaliyetinin hukuka uygunlu\u011funu etkilemeden, r\u0131zan\u0131z\u0131 istedi\u011finiz zaman geri \u00e7ekme hakk\u0131na da sahipsiniz.<br \/>\nHaklar\u0131n\u0131z\u0131 kullanmak i\u00e7in l\u00fctfen Talep Formu \u2013 Veri Sahibi Haklar\u0131n\u0131n Kullan\u0131m\u0131 formunu doldurun.<strong><br \/>\n<\/strong>Son olarak, Ki\u015fisel Verileri Koruma Kurumu olan yetkili Yunanistan ba\u011f\u0131ms\u0131z makam\u0131na \u015fikayette bulunma hakk\u0131na sahipsiniz (<a href=\"http:\/\/www.dpa.gr\/\" target=\"_blank\" rel=\"noopener noreferrer\">http:\/\/www.dpa.gr\/<\/a>).<\/p>\n<p><strong>10. Ki\u015fisel verilerin AB d\u0131\u015f\u0131na aktar\u0131lmas\u0131<\/strong><br \/>\nSizden toplad\u0131\u011f\u0131m\u0131z ki\u015fisel veriler Avrupa Birli\u011fi d\u0131\u015f\u0131na aktar\u0131lmaz veya i\u015flenmez.<\/p>\n<p><strong>11. \u00c7erezlerin kullan\u0131m\u0131<\/strong><br \/>\nWeb sitemizi desteklemek, \u00e7evrimi\u00e7i hizmetlerimizi sunmak ve bilgi toplamak i\u00e7in \u00e7erezleri (internette gezinirken cihaz\u0131n\u0131zda saklanan k\u00fc\u00e7\u00fck metin dosyalar\u0131) kullan\u0131r\u0131z. \u00c7erezler, di\u011fer \u015feylerin yan\u0131 s\u0131ra tercihlerinizi ve ayarlar\u0131n\u0131z\u0131 saklamam\u0131za, ilgi alanlar\u0131n\u0131za g\u00f6re reklamlar sunmam\u0131za ve web sitemizin ve \u00e7evrimi\u00e7i hizmetlerimizin nas\u0131l \u00e7al\u0131\u015ft\u0131\u011f\u0131n\u0131 analiz etmemize olanak tan\u0131r.<br \/>\n\u00c7erezler hakk\u0131nda daha fazla bilgi edinmek i\u00e7in web sitesine gidebilirsiniz <strong><a href=\"https:\/\/thorax.gr\/tr\/cookie-policy\/\">\u00e7erez politikas\u0131<\/a><\/strong><\/p>\n<p><strong>12. Bizimle nas\u0131l ileti\u015fime ge\u00e7ilir?<\/strong><br \/>\nKi\u015fisel verilerinizin i\u015flenmesi veya \u00e7erez kullan\u0131m\u0131m\u0131z hakk\u0131nda herhangi bir sorunuz varsa veya haklar\u0131n\u0131z\u0131 kullanmak i\u00e7in bizimle ileti\u015fime ge\u00e7ebilir, adresine e-posta g\u00f6nderebilirsiniz. <strong>ileti\u015fim@thorax.gr<\/strong><\/p>\n<p><strong>13. S\u00fcr\u00fcm Bilgileri \u2013 De\u011fi\u015fiklikler ve G\u00fcncellemeler<\/strong><br \/>\nBu Bildirim en son 11\/16\/2019 tarihinde g\u00fcncellendi.<br \/>\nG\u00fcncellenen Bildirimi web sitemizde yay\u0131nlamak d\u0131\u015f\u0131nda, bu Bildirimi herhangi bir zamanda, herhangi bir nedenle, size bildirimde bulunmaks\u0131z\u0131n de\u011fi\u015ftirme ve g\u00fcncelleme hakk\u0131n\u0131 sakl\u0131 tutuyoruz. Bu Bildirimdeki de\u011fi\u015fiklikleri ve g\u00fcncellemeleri size hat\u0131rlatmak i\u00e7in periyodik e-postalar g\u00f6nderebiliriz ancak g\u00fcncel ve ge\u00e7erli Gizlilik Bildirimi hakk\u0131nda bilgi almak i\u00e7in web sitemizi s\u0131k s\u0131k kontrol etmelisiniz.<\/p>","protected":false},"excerpt":{"rendered":"<p>Bu Gizlilik Beyan\u0131, sizin hakk\u0131n\u0131zda toplad\u0131\u011f\u0131m\u0131z ki\u015fisel verileri, ki\u015fisel verilerinizi nas\u0131l kulland\u0131\u011f\u0131m\u0131z\u0131 ve korudu\u011fumuzu ve bu verileri nas\u0131l kulland\u0131\u011f\u0131m\u0131z konusunda sahip oldu\u011funuz se\u00e7imleri a\u00e7\u0131klar. Ki\u015fisel verileri koruman\u0131n devam eden bir sorumluluk oldu\u011funu kabul ediyoruz ve bu nedenle, [\u2026]<\/p>","protected":false},"author":12,"featured_media":5167,"parent":0,"menu_order":0,"comment_status":"closed","ping_status":"closed","template":"","meta":{"footnotes":""},"class_list":["post-3212","page","type-page","status-publish","has-post-thumbnail","hentry"],"_links":{"self":[{"href":"https:\/\/thorax.gr\/tr\/wp-json\/wp\/v2\/pages\/3212","targetHints":{"allow":["GET"]}}],"collection":[{"href":"https:\/\/thorax.gr\/tr\/wp-json\/wp\/v2\/pages"}],"about":[{"href":"https:\/\/thorax.gr\/tr\/wp-json\/wp\/v2\/types\/page"}],"author":[{"embeddable":true,"href":"https:\/\/thorax.gr\/tr\/wp-json\/wp\/v2\/users\/12"}],"replies":[{"embeddable":true,"href":"https:\/\/thorax.gr\/tr\/wp-json\/wp\/v2\/comments?post=3212"}],"version-history":[{"count":3,"href":"https:\/\/thorax.gr\/tr\/wp-json\/wp\/v2\/pages\/3212\/revisions"}],"predecessor-version":[{"id":5265,"href":"https:\/\/thorax.gr\/tr\/wp-json\/wp\/v2\/pages\/3212\/revisions\/5265"}],"wp:featuredmedia":[{"embeddable":true,"href":"https:\/\/thorax.gr\/tr\/wp-json\/wp\/v2\/media\/5167"}],"wp:attachment":[{"href":"https:\/\/thorax.gr\/tr\/wp-json\/wp\/v2\/media?parent=3212"}],"curies":[{"name":"wp","href":"https:\/\/api.w.org\/{rel}","templated":true}]}}